{"id":101,"date":"2017-09-21T21:29:09","date_gmt":"2017-09-21T19:29:09","guid":{"rendered":"http:\/\/question-dequilibre.fr\/?page_id=101"},"modified":"2026-03-16T09:19:32","modified_gmt":"2026-03-16T08:19:32","slug":"le-bureau","status":"publish","type":"page","link":"https:\/\/question-dequilibre.fr\/?page_id=101","title":{"rendered":"Le bureau"},"content":{"rendered":"<p>Le bureau est \u00e9lu par le comit\u00e9 directeur pour 2 ans \u00e0 l&rsquo;issue de l&rsquo;assembl\u00e9e g\u00e9n\u00e9rale.<\/p>\n<p>ngg_shortcode_0_placeholderContact mail : <a href=\"mailto:question.equilibre@wanadoo.fr\">question.equilibre@wanadoo.fr<\/a><\/p>\n<p>Romain (Pr\u00e9sident) : 06.22.36.07.46<\/p>\n<p>Ga\u00eblle (Secr\u00e9taire)<\/p>\n<p>Anthony (Tr\u00e9sorier)<\/p>\n","protected":false},"excerpt":{"rendered":"<p>Le bureau est \u00e9lu par le comit\u00e9 directeur pour 2 ans \u00e0 l&rsquo;issue de l&rsquo;assembl\u00e9e g\u00e9n\u00e9rale. Contact mail : question.equilibre@wanadoo.fr Romain (Pr\u00e9sident) : 06.22.36.07.46 Ga\u00eblle (Secr\u00e9taire) Anthony (Tr\u00e9sorier)<\/p>\n","protected":false},"author":1,"featured_media":0,"parent":66,"menu_order":0,"comment_status":"closed","ping_status":"closed","template":"","meta":{"ngg_post_thumbnail":0,"footnotes":""},"class_list":["post-101","page","type-page","status-publish","hentry"],"_links":{"self":[{"href":"https:\/\/question-dequilibre.fr\/index.php?rest_route=\/wp\/v2\/pages\/101","targetHints":{"allow":["GET"]}}],"collection":[{"href":"https:\/\/question-dequilibre.fr\/index.php?rest_route=\/wp\/v2\/pages"}],"about":[{"href":"https:\/\/question-dequilibre.fr\/index.php?rest_route=\/wp\/v2\/types\/page"}],"author":[{"embeddable":true,"href":"https:\/\/question-dequilibre.fr\/index.php?rest_route=\/wp\/v2\/users\/1"}],"replies":[{"embeddable":true,"href":"https:\/\/question-dequilibre.fr\/index.php?rest_route=%2Fwp%2Fv2%2Fcomments&post=101"}],"version-history":[{"count":16,"href":"https:\/\/question-dequilibre.fr\/index.php?rest_route=\/wp\/v2\/pages\/101\/revisions"}],"predecessor-version":[{"id":1000,"href":"https:\/\/question-dequilibre.fr\/index.php?rest_route=\/wp\/v2\/pages\/101\/revisions\/1000"}],"up":[{"embeddable":true,"href":"https:\/\/question-dequilibre.fr\/index.php?rest_route=\/wp\/v2\/pages\/66"}],"wp:attachment":[{"href":"https:\/\/question-dequilibre.fr\/index.php?rest_route=%2Fwp%2Fv2%2Fmedia&parent=101"}],"curies":[{"name":"wp","href":"https:\/\/api.w.org\/{rel}","templated":true}]}}