{"id":66,"date":"2017-09-19T23:04:21","date_gmt":"2017-09-19T21:04:21","guid":{"rendered":"http:\/\/question-dequilibre.fr\/?page_id=66"},"modified":"2026-03-16T09:20:18","modified_gmt":"2026-03-16T08:20:18","slug":"question-dequilibre-beaune","status":"publish","type":"page","link":"https:\/\/question-dequilibre.fr\/","title":{"rendered":"Question d&rsquo;Equilibre &#8211; Beaune"},"content":{"rendered":"\n<h1 class=\"wp-block-heading\"><strong>Le club est actif !<\/strong><\/h1>\n\n\n\n<p><\/p>\n\n\n\n<p>Bienvenue sur le site Web de Question d&rsquo;Equilibre !<\/p>\n\n\n\n<p>Question d&rsquo;Equilibre est un club d&rsquo;Escalade et de Montagne \u00e0 Beaune, cr\u00e9\u00e9 en 1995. Il accueille environ 60 adh\u00e9rents.<\/p>\n\n\n\n<p>L&rsquo;association propose la pratique libre de l&rsquo;escalade sur mur au Forum des Sports \u00e0 Beaune, et sur les falaises de la r\u00e9gion. Nous organisons \u00e9galement des sorties montagne au cours de l&rsquo;ann\u00e9e.<\/p>\n\n\n\n<p>Contact : <a href=\"mailto:question.equilibre@wanadoo.fr\" target=\"_blank\" rel=\"noreferrer noopener\">question.equilibre@wanadoo.fr<\/a><\/p>\n\n\n\n<p>(photo de couverture : Anthony en plein rappel, Dalles de la Rosi\u00e8re)<\/p>\n\n\n\n<p><\/p>\n\n\n\n<p>&nbsp;<\/p>\n","protected":false},"excerpt":{"rendered":"<p>Le club est actif ! Bienvenue sur le site Web de Question d&rsquo;Equilibre ! Question d&rsquo;Equilibre est un club d&rsquo;Escalade et de Montagne \u00e0 Beaune, cr\u00e9\u00e9 en 1995. Il accueille environ 60 adh\u00e9rents. L&rsquo;association propose la pratique libre de l&rsquo;escalade sur mur au Forum des Sports \u00e0 Beaune, et sur les falaises de la r\u00e9gion. &hellip; <\/p>\n<p class=\"link-more\"><a href=\"https:\/\/question-dequilibre.fr\/\" class=\"more-link\">Continuer la lecture<span class=\"screen-reader-text\"> de &laquo;&nbsp;Question d&rsquo;Equilibre &#8211; Beaune&nbsp;&raquo;<\/span><\/a><\/p>\n","protected":false},"author":1,"featured_media":0,"parent":0,"menu_order":0,"comment_status":"closed","ping_status":"closed","template":"","meta":{"ngg_post_thumbnail":0,"footnotes":""},"class_list":["post-66","page","type-page","status-publish","hentry"],"_links":{"self":[{"href":"https:\/\/question-dequilibre.fr\/index.php?rest_route=\/wp\/v2\/pages\/66","targetHints":{"allow":["GET"]}}],"collection":[{"href":"https:\/\/question-dequilibre.fr\/index.php?rest_route=\/wp\/v2\/pages"}],"about":[{"href":"https:\/\/question-dequilibre.fr\/index.php?rest_route=\/wp\/v2\/types\/page"}],"author":[{"embeddable":true,"href":"https:\/\/question-dequilibre.fr\/index.php?rest_route=\/wp\/v2\/users\/1"}],"replies":[{"embeddable":true,"href":"https:\/\/question-dequilibre.fr\/index.php?rest_route=%2Fwp%2Fv2%2Fcomments&post=66"}],"version-history":[{"count":47,"href":"https:\/\/question-dequilibre.fr\/index.php?rest_route=\/wp\/v2\/pages\/66\/revisions"}],"predecessor-version":[{"id":1001,"href":"https:\/\/question-dequilibre.fr\/index.php?rest_route=\/wp\/v2\/pages\/66\/revisions\/1001"}],"wp:attachment":[{"href":"https:\/\/question-dequilibre.fr\/index.php?rest_route=%2Fwp%2Fv2%2Fmedia&parent=66"}],"curies":[{"name":"wp","href":"https:\/\/api.w.org\/{rel}","templated":true}]}}