{"id":93,"date":"2017-09-21T21:12:47","date_gmt":"2017-09-21T19:12:47","guid":{"rendered":"http:\/\/question-dequilibre.fr\/?page_id=93"},"modified":"2017-09-26T06:23:07","modified_gmt":"2017-09-26T04:23:07","slug":"le-mur-du-forum-des-sports","status":"publish","type":"page","link":"https:\/\/question-dequilibre.fr\/?page_id=93","title":{"rendered":"Le mur"},"content":{"rendered":"<p>Le club b\u00e9n\u00e9ficie de la Structure Artificielle d&rsquo;Escalade (SAE) du Forum des Sports \u00e0 Beaune.<\/p>\n<p>Le mur de 12m de haut pour 20m de large permet d&rsquo;accueillir une quinzaine de cord\u00e9es simultan\u00e9ment, et pr\u00e9sente tous les profils, adapt\u00e9s aux d\u00e9butants comme aux plus exp\u00e9riment\u00e9s.<\/p>\n<figure id=\"attachment_38\" aria-describedby=\"caption-attachment-38\" style=\"width: 200px\" class=\"wp-caption alignnone\"><img loading=\"lazy\" decoding=\"async\" class=\"size-medium wp-image-38\" src=\"https:\/\/question-dequilibre.fr\/wp-content\/uploads\/2017\/09\/pour-diaprama-QE_28-200x300.jpg\" alt=\"\" width=\"200\" height=\"300\" srcset=\"https:\/\/question-dequilibre.fr\/wp-content\/uploads\/2017\/09\/pour-diaprama-QE_28-200x300.jpg 200w, https:\/\/question-dequilibre.fr\/wp-content\/uploads\/2017\/09\/pour-diaprama-QE_28-768x1152.jpg 768w, https:\/\/question-dequilibre.fr\/wp-content\/uploads\/2017\/09\/pour-diaprama-QE_28-682x1024.jpg 682w, https:\/\/question-dequilibre.fr\/wp-content\/uploads\/2017\/09\/pour-diaprama-QE_28.jpg 829w\" sizes=\"auto, (max-width: 200px) 100vw, 200px\" \/><figcaption id=\"caption-attachment-38\" class=\"wp-caption-text\">Mur du Forum des Sports, Beaune<\/figcaption><\/figure>\n<figure id=\"attachment_40\" aria-describedby=\"caption-attachment-40\" style=\"width: 200px\" class=\"wp-caption alignnone\"><img loading=\"lazy\" decoding=\"async\" class=\"size-medium wp-image-40\" src=\"https:\/\/question-dequilibre.fr\/wp-content\/uploads\/2017\/09\/pour-diaprama-QE_30-200x300.jpg\" alt=\"\" width=\"200\" height=\"300\" srcset=\"https:\/\/question-dequilibre.fr\/wp-content\/uploads\/2017\/09\/pour-diaprama-QE_30-200x300.jpg 200w, https:\/\/question-dequilibre.fr\/wp-content\/uploads\/2017\/09\/pour-diaprama-QE_30-768x1152.jpg 768w, https:\/\/question-dequilibre.fr\/wp-content\/uploads\/2017\/09\/pour-diaprama-QE_30-682x1024.jpg 682w, https:\/\/question-dequilibre.fr\/wp-content\/uploads\/2017\/09\/pour-diaprama-QE_30.jpg 829w\" sizes=\"auto, (max-width: 200px) 100vw, 200px\" \/><figcaption id=\"caption-attachment-40\" class=\"wp-caption-text\">Mur du Forum des Sports, Beaune<\/figcaption><\/figure>\n<figure id=\"attachment_21\" aria-describedby=\"caption-attachment-21\" style=\"width: 300px\" class=\"wp-caption alignnone\"><img loading=\"lazy\" decoding=\"async\" class=\"wp-image-21 size-medium\" src=\"https:\/\/question-dequilibre.fr\/wp-content\/uploads\/2017\/09\/pour-diaprama-QE_11-300x225.jpg\" alt=\"\" width=\"300\" height=\"225\" srcset=\"https:\/\/question-dequilibre.fr\/wp-content\/uploads\/2017\/09\/pour-diaprama-QE_11-300x225.jpg 300w, https:\/\/question-dequilibre.fr\/wp-content\/uploads\/2017\/09\/pour-diaprama-QE_11-768x576.jpg 768w, https:\/\/question-dequilibre.fr\/wp-content\/uploads\/2017\/09\/pour-diaprama-QE_11-1024x768.jpg 1024w, https:\/\/question-dequilibre.fr\/wp-content\/uploads\/2017\/09\/pour-diaprama-QE_11.jpg 1105w\" sizes=\"auto, (max-width: 300px) 100vw, 300px\" \/><figcaption id=\"caption-attachment-21\" class=\"wp-caption-text\">Vue d&rsquo;ensemble du mur lors de l&rsquo;entretien annuel<\/figcaption><\/figure>\n","protected":false},"excerpt":{"rendered":"<p>Le club b\u00e9n\u00e9ficie de la Structure Artificielle d&rsquo;Escalade (SAE) du Forum des Sports \u00e0 Beaune. Le mur de 12m de haut pour 20m de large permet d&rsquo;accueillir une quinzaine de cord\u00e9es simultan\u00e9ment, et pr\u00e9sente tous les profils, adapt\u00e9s aux d\u00e9butants comme aux plus exp\u00e9riment\u00e9s.<\/p>\n","protected":false},"author":1,"featured_media":0,"parent":66,"menu_order":0,"comment_status":"closed","ping_status":"closed","template":"","meta":{"ngg_post_thumbnail":0,"footnotes":""},"class_list":["post-93","page","type-page","status-publish","hentry"],"_links":{"self":[{"href":"https:\/\/question-dequilibre.fr\/index.php?rest_route=\/wp\/v2\/pages\/93","targetHints":{"allow":["GET"]}}],"collection":[{"href":"https:\/\/question-dequilibre.fr\/index.php?rest_route=\/wp\/v2\/pages"}],"about":[{"href":"https:\/\/question-dequilibre.fr\/index.php?rest_route=\/wp\/v2\/types\/page"}],"author":[{"embeddable":true,"href":"https:\/\/question-dequilibre.fr\/index.php?rest_route=\/wp\/v2\/users\/1"}],"replies":[{"embeddable":true,"href":"https:\/\/question-dequilibre.fr\/index.php?rest_route=%2Fwp%2Fv2%2Fcomments&post=93"}],"version-history":[{"count":6,"href":"https:\/\/question-dequilibre.fr\/index.php?rest_route=\/wp\/v2\/pages\/93\/revisions"}],"predecessor-version":[{"id":626,"href":"https:\/\/question-dequilibre.fr\/index.php?rest_route=\/wp\/v2\/pages\/93\/revisions\/626"}],"up":[{"embeddable":true,"href":"https:\/\/question-dequilibre.fr\/index.php?rest_route=\/wp\/v2\/pages\/66"}],"wp:attachment":[{"href":"https:\/\/question-dequilibre.fr\/index.php?rest_route=%2Fwp%2Fv2%2Fmedia&parent=93"}],"curies":[{"name":"wp","href":"https:\/\/api.w.org\/{rel}","templated":true}]}}