{"id":97,"date":"2017-09-21T21:19:01","date_gmt":"2017-09-21T19:19:01","guid":{"rendered":"http:\/\/question-dequilibre.fr\/?page_id=97"},"modified":"2017-10-11T12:08:26","modified_gmt":"2017-10-11T10:08:26","slug":"les-falaises-de-la-region","status":"publish","type":"page","link":"https:\/\/question-dequilibre.fr\/?page_id=97","title":{"rendered":"Les falaises"},"content":{"rendered":"<p>La r\u00e9gion Beaunoise est riche en falaises, o\u00f9 la pratique de l&rsquo;escalade est ancienne.<\/p>\n<p>Aux beaux jours \u00e0 partir de fin avril, et si le temps le permet, nous pratiquons sur ces terrains de jeu magiques !<\/p>\n<p>N&rsquo;h\u00e9sitez pas \u00e0 visiter le<a href=\"http:\/\/foudegrimpe.canalblog.com\"> blog \u00ab\u00a0fou de grimpe \u00a0\u00bb&nbsp;<\/a>qui regroupe beaucoup d&rsquo;informations et d&rsquo;actualit\u00e9s sur Bouilland et Arcenant.<\/p>\n<figure id=\"attachment_27\" aria-describedby=\"caption-attachment-27\" style=\"width: 225px\" class=\"wp-caption alignnone\"><img loading=\"lazy\" decoding=\"async\" class=\"size-medium wp-image-27\" src=\"https:\/\/question-dequilibre.fr\/wp-content\/uploads\/2017\/09\/pour-diaprama-QE_17-225x300.jpg\" alt=\"\" width=\"225\" height=\"300\" srcset=\"https:\/\/question-dequilibre.fr\/wp-content\/uploads\/2017\/09\/pour-diaprama-QE_17-225x300.jpg 225w, https:\/\/question-dequilibre.fr\/wp-content\/uploads\/2017\/09\/pour-diaprama-QE_17-768x1024.jpg 768w, https:\/\/question-dequilibre.fr\/wp-content\/uploads\/2017\/09\/pour-diaprama-QE_17.jpg 829w\" sizes=\"auto, (max-width: 225px) 100vw, 225px\" \/><figcaption id=\"caption-attachment-27\" class=\"wp-caption-text\">Escalade \u00e0 Remigny<\/figcaption><\/figure>\n<figure id=\"attachment_26\" aria-describedby=\"caption-attachment-26\" style=\"width: 225px\" class=\"wp-caption alignnone\"><img loading=\"lazy\" decoding=\"async\" class=\"size-medium wp-image-26\" src=\"https:\/\/question-dequilibre.fr\/wp-content\/uploads\/2017\/09\/pour-diaprama-QE_16-225x300.jpg\" alt=\"\" width=\"225\" height=\"300\" srcset=\"https:\/\/question-dequilibre.fr\/wp-content\/uploads\/2017\/09\/pour-diaprama-QE_16-225x300.jpg 225w, https:\/\/question-dequilibre.fr\/wp-content\/uploads\/2017\/09\/pour-diaprama-QE_16-768x1024.jpg 768w, https:\/\/question-dequilibre.fr\/wp-content\/uploads\/2017\/09\/pour-diaprama-QE_16.jpg 829w\" sizes=\"auto, (max-width: 225px) 100vw, 225px\" \/><figcaption id=\"caption-attachment-26\" class=\"wp-caption-text\">Escalade \u00e0 Bouilland<\/figcaption><\/figure>\n<figure id=\"attachment_23\" aria-describedby=\"caption-attachment-23\" style=\"width: 300px\" class=\"wp-caption alignnone\"><img loading=\"lazy\" decoding=\"async\" class=\"size-medium wp-image-23\" src=\"https:\/\/question-dequilibre.fr\/wp-content\/uploads\/2017\/09\/pour-diaprama-QE_13-300x181.jpg\" alt=\"\" width=\"300\" height=\"181\" srcset=\"https:\/\/question-dequilibre.fr\/wp-content\/uploads\/2017\/09\/pour-diaprama-QE_13-300x181.jpg 300w, https:\/\/question-dequilibre.fr\/wp-content\/uploads\/2017\/09\/pour-diaprama-QE_13-768x462.jpg 768w, https:\/\/question-dequilibre.fr\/wp-content\/uploads\/2017\/09\/pour-diaprama-QE_13-1024x616.jpg 1024w, https:\/\/question-dequilibre.fr\/wp-content\/uploads\/2017\/09\/pour-diaprama-QE_13.jpg 1377w\" sizes=\"auto, (max-width: 300px) 100vw, 300px\" \/><figcaption id=\"caption-attachment-23\" class=\"wp-caption-text\">Escalade \u00e0 Arcenant<\/figcaption><\/figure>\n<figure id=\"attachment_15\" aria-describedby=\"caption-attachment-15\" style=\"width: 225px\" class=\"wp-caption alignnone\"><img loading=\"lazy\" decoding=\"async\" class=\"size-medium wp-image-15\" src=\"https:\/\/question-dequilibre.fr\/wp-content\/uploads\/2017\/09\/pour-diaprama-QE_05-225x300.jpg\" alt=\"\" width=\"225\" height=\"300\" srcset=\"https:\/\/question-dequilibre.fr\/wp-content\/uploads\/2017\/09\/pour-diaprama-QE_05-225x300.jpg 225w, https:\/\/question-dequilibre.fr\/wp-content\/uploads\/2017\/09\/pour-diaprama-QE_05-768x1024.jpg 768w, https:\/\/question-dequilibre.fr\/wp-content\/uploads\/2017\/09\/pour-diaprama-QE_05.jpg 829w\" sizes=\"auto, (max-width: 225px) 100vw, 225px\" \/><figcaption id=\"caption-attachment-15\" class=\"wp-caption-text\">Escalade \u00e0 Bouilland<\/figcaption><\/figure>\n<figure id=\"attachment_24\" aria-describedby=\"caption-attachment-24\" style=\"width: 225px\" class=\"wp-caption alignnone\"><img loading=\"lazy\" decoding=\"async\" class=\"size-medium wp-image-24\" src=\"https:\/\/question-dequilibre.fr\/wp-content\/uploads\/2017\/09\/pour-diaprama-QE_14-225x300.jpg\" alt=\"\" width=\"225\" height=\"300\" srcset=\"https:\/\/question-dequilibre.fr\/wp-content\/uploads\/2017\/09\/pour-diaprama-QE_14-225x300.jpg 225w, https:\/\/question-dequilibre.fr\/wp-content\/uploads\/2017\/09\/pour-diaprama-QE_14-768x1024.jpg 768w, https:\/\/question-dequilibre.fr\/wp-content\/uploads\/2017\/09\/pour-diaprama-QE_14.jpg 829w\" sizes=\"auto, (max-width: 225px) 100vw, 225px\" \/><figcaption id=\"caption-attachment-24\" class=\"wp-caption-text\">Escalade \u00e0 Cormot<\/figcaption><\/figure>\n<figure id=\"attachment_16\" aria-describedby=\"caption-attachment-16\" style=\"width: 225px\" class=\"wp-caption alignnone\"><img loading=\"lazy\" decoding=\"async\" class=\"size-medium wp-image-16\" src=\"https:\/\/question-dequilibre.fr\/wp-content\/uploads\/2017\/09\/pour-diaprama-QE_06-225x300.jpg\" alt=\"\" width=\"225\" height=\"300\" srcset=\"https:\/\/question-dequilibre.fr\/wp-content\/uploads\/2017\/09\/pour-diaprama-QE_06-225x300.jpg 225w, https:\/\/question-dequilibre.fr\/wp-content\/uploads\/2017\/09\/pour-diaprama-QE_06-768x1024.jpg 768w, https:\/\/question-dequilibre.fr\/wp-content\/uploads\/2017\/09\/pour-diaprama-QE_06.jpg 829w\" sizes=\"auto, (max-width: 225px) 100vw, 225px\" \/><figcaption id=\"caption-attachment-16\" class=\"wp-caption-text\">Escalade \u00e0 Baderne<\/figcaption><\/figure>\n","protected":false},"excerpt":{"rendered":"<p>La r\u00e9gion Beaunoise est riche en falaises, o\u00f9 la pratique de l&rsquo;escalade est ancienne. Aux beaux jours \u00e0 partir de fin avril, et si le temps le permet, nous pratiquons sur ces terrains de jeu magiques ! N&rsquo;h\u00e9sitez pas \u00e0 visiter le blog \u00ab\u00a0fou de grimpe \u00a0\u00bb&nbsp;qui regroupe beaucoup d&rsquo;informations et d&rsquo;actualit\u00e9s sur Bouilland et &hellip; <\/p>\n<p class=\"link-more\"><a href=\"https:\/\/question-dequilibre.fr\/?page_id=97\" class=\"more-link\">Continuer la lecture<span class=\"screen-reader-text\"> de &laquo;&nbsp;Les falaises&nbsp;&raquo;<\/span><\/a><\/p>\n","protected":false},"author":1,"featured_media":0,"parent":66,"menu_order":0,"comment_status":"closed","ping_status":"closed","template":"","meta":{"ngg_post_thumbnail":0,"footnotes":""},"class_list":["post-97","page","type-page","status-publish","hentry"],"_links":{"self":[{"href":"https:\/\/question-dequilibre.fr\/index.php?rest_route=\/wp\/v2\/pages\/97","targetHints":{"allow":["GET"]}}],"collection":[{"href":"https:\/\/question-dequilibre.fr\/index.php?rest_route=\/wp\/v2\/pages"}],"about":[{"href":"https:\/\/question-dequilibre.fr\/index.php?rest_route=\/wp\/v2\/types\/page"}],"author":[{"embeddable":true,"href":"https:\/\/question-dequilibre.fr\/index.php?rest_route=\/wp\/v2\/users\/1"}],"replies":[{"embeddable":true,"href":"https:\/\/question-dequilibre.fr\/index.php?rest_route=%2Fwp%2Fv2%2Fcomments&post=97"}],"version-history":[{"count":4,"href":"https:\/\/question-dequilibre.fr\/index.php?rest_route=\/wp\/v2\/pages\/97\/revisions"}],"predecessor-version":[{"id":630,"href":"https:\/\/question-dequilibre.fr\/index.php?rest_route=\/wp\/v2\/pages\/97\/revisions\/630"}],"up":[{"embeddable":true,"href":"https:\/\/question-dequilibre.fr\/index.php?rest_route=\/wp\/v2\/pages\/66"}],"wp:attachment":[{"href":"https:\/\/question-dequilibre.fr\/index.php?rest_route=%2Fwp%2Fv2%2Fmedia&parent=97"}],"curies":[{"name":"wp","href":"https:\/\/api.w.org\/{rel}","templated":true}]}}