{"id":99,"date":"2017-09-21T21:23:02","date_gmt":"2017-09-21T19:23:02","guid":{"rendered":"http:\/\/question-dequilibre.fr\/?page_id=99"},"modified":"2025-10-10T09:47:41","modified_gmt":"2025-10-10T07:47:41","slug":"informations-utiles","status":"publish","type":"page","link":"https:\/\/question-dequilibre.fr\/?page_id=99","title":{"rendered":"Histoire du club"},"content":{"rendered":"<p><!--more--><\/p>\n<p>Le club a \u00e9t\u00e9 cr\u00e9\u00e9 en 1995. Il est affili\u00e9 \u00e0 la <a href=\"http:\/\/www.ffme.fr\" target=\"_blank\" rel=\"noopener noreferrer\">F\u00e9d\u00e9ration Fran\u00e7aise de la Montagne et de l&rsquo;Escalade (FFME)<\/a> et est orient\u00e9 vers une pratique loisir autonome, plut\u00f4t adulte.<\/p>\n<p>Le club est engag\u00e9 dans les d\u00e9marches de validation des acquis avec l&rsquo;utilisation des <a href=\"http:\/\/www.ffme.fr\/formation\/page\/les-passeports-montagne-et-escalade.html\" target=\"_blank\" rel=\"noopener noreferrer\">passeports escalade FFME<\/a>. L&rsquo;encadrement est assur\u00e9 par les b\u00e9n\u00e9voles du club, dont plusieurs titulaires de brevets &nbsp;f\u00e9d\u00e9raux (initiateurs SAE et SNE).<\/p>\n<p>Nous accueillons les enfants \u00e0 partir de 14 ans ou d\u00e8s 8 ans accompagn\u00e9s de leurs parents d\u00e9j\u00e0 autonomes.<\/p>\n<p>Lieu de pratique : <a href=\"https:\/\/question-dequilibre.fr\/?page_id=93\">Mur du Forum des Sports<\/a> \u00e0 Beaune (Rue Edouard Joly), et <a href=\"https:\/\/question-dequilibre.fr\/?page_id=97\">falaises de la r\u00e9gion<\/a>.<\/p>\n<p>Horaires :<\/p>\n<ul>\n<li><strong>Lundi et Mercredi de 19h30 \u00e0 22h00<\/strong><\/li>\n<li><strong>Vendredi de 20h15 \u00e0 22h<\/strong><\/li>\n<\/ul>\n<p>Pr\u00eat de mat\u00e9riel pour d\u00e9buter (baudriers, chaussons, syst\u00e8me assurage)<\/p>\n\n\n<p><\/p>\n","protected":false},"excerpt":{"rendered":"","protected":false},"author":1,"featured_media":0,"parent":66,"menu_order":1,"comment_status":"closed","ping_status":"closed","template":"","meta":{"ngg_post_thumbnail":0,"footnotes":""},"class_list":["post-99","page","type-page","status-publish","hentry"],"_links":{"self":[{"href":"https:\/\/question-dequilibre.fr\/index.php?rest_route=\/wp\/v2\/pages\/99","targetHints":{"allow":["GET"]}}],"collection":[{"href":"https:\/\/question-dequilibre.fr\/index.php?rest_route=\/wp\/v2\/pages"}],"about":[{"href":"https:\/\/question-dequilibre.fr\/index.php?rest_route=\/wp\/v2\/types\/page"}],"author":[{"embeddable":true,"href":"https:\/\/question-dequilibre.fr\/index.php?rest_route=\/wp\/v2\/users\/1"}],"replies":[{"embeddable":true,"href":"https:\/\/question-dequilibre.fr\/index.php?rest_route=%2Fwp%2Fv2%2Fcomments&post=99"}],"version-history":[{"count":18,"href":"https:\/\/question-dequilibre.fr\/index.php?rest_route=\/wp\/v2\/pages\/99\/revisions"}],"predecessor-version":[{"id":998,"href":"https:\/\/question-dequilibre.fr\/index.php?rest_route=\/wp\/v2\/pages\/99\/revisions\/998"}],"up":[{"embeddable":true,"href":"https:\/\/question-dequilibre.fr\/index.php?rest_route=\/wp\/v2\/pages\/66"}],"wp:attachment":[{"href":"https:\/\/question-dequilibre.fr\/index.php?rest_route=%2Fwp%2Fv2%2Fmedia&parent=99"}],"curies":[{"name":"wp","href":"https:\/\/api.w.org\/{rel}","templated":true}]}}